{"id":6207,"date":"2022-11-17T08:23:20","date_gmt":"2022-11-17T08:23:20","guid":{"rendered":"https:\/\/www.aquafrisch.com\/aviso-legal\/"},"modified":"2022-11-17T08:23:20","modified_gmt":"2022-11-17T08:23:20","slug":"aviso-legal","status":"publish","type":"page","link":"https:\/\/www.aquafrisch.com\/en\/aviso-legal\/","title":{"rendered":"Aviso Legal"},"content":{"rendered":"<p>AQUAFRISCH SL,en cumplimiento del art\u00edculo 10 de la Ley 34\/2002 de Servicios de la Sociedad de la Informaci\u00f3n y Comercio Electr\u00f3nico, informa:<\/p>\n<p>Que es titular del dominio y del sitio web (<a href=\"http:\/\/www.aquafrisch.\">www.aquafrisch.<\/a>com)<\/p>\n<p>Que sus datos identificativos son:<\/p>\n<p>Aquafrisch S.L.<\/p>\n<p>Margarita Salas 7<\/p>\n<p>28521 RIVAS-VACIAMADRID<\/p>\n<p>MADRID<\/p>\n<p>Que se encuentra inscrita con el NIF B81362790 en el Registro Mercantil de <b>Madrid \u2013 Tomo 10551 \u2013 Libro 0 \u2013 Folio 125 \u2013 Secci\u00f3n 8 \u2013 Hoja M-167387 -Inscripci\u00f3n 1.<\/b><\/p>\n<p>La utilizaci\u00f3n del sitio web otorga la condici\u00f3n de usuario e implica la plena aceptaci\u00f3n a todas las disposiciones contenidas en este Aviso Legal y en la Pol\u00edtica de Privacidad. Si el usuario no est\u00e1 de acuerdo con las condiciones aqu\u00ed establecidas deber\u00eda desestimar el acceso y la utilizaci\u00f3n del sitio web.<\/p>\n<p>El contenido del sitio web es propiedad de AQUAFRISCH SL, y se proh\u00edbe cualquier tipo de copia o reproducci\u00f3n de todo o parte del contenido sin autorizaci\u00f3n expresa de su propietario.<\/p>\n<p>AQUAFRISCH SL no asume ninguna responsabilidad sobre los enlaces externos de terceros que pudieran incorporarse en el sitio web, al no tener ning\u00fan tipo de control sobre ellos, sobre sus contenidos, los servicios que presten o la forma en que \u00e9stos aparezcan.<\/p>\n<p>&nbsp;<\/p>\n<p>El usuario del sitio web se compromete a hacer un uso adecuado del mismo, a no emplearlo para pr\u00e1cticas contrarias a la Ley o la buena fe y a no provocar da\u00f1os en los sistemas f\u00edsicos y l\u00f3gicos de AQUAFRISCH SL.<\/p>\n","protected":false},"excerpt":{"rendered":"<p>AQUAFRISCH SL,en cumplimiento del art\u00edculo 10 de la Ley 34\/2002 de Servicios de la Sociedad de la Informaci\u00f3n y Comercio Electr\u00f3nico, informa: Que es titular del dominio y del sitio&#8230;<\/p>\n","protected":false},"author":1,"featured_media":0,"parent":0,"menu_order":0,"comment_status":"closed","ping_status":"closed","template":"","meta":{"footnotes":""},"class_list":["post-6207","page","type-page","status-publish"],"yoast_head":"<!-- This site is optimized with the Yoast SEO plugin v27.4 - https:\/\/yoast.com\/product\/yoast-seo-wordpress\/ -->\n<title>Aviso Legal - Aquafrisch<\/title>\n<meta name=\"description\" content=\"Aquafrisch dise\u00f1a, fabrica e instala equipos para talleres ferroviarios y plantas de tratamiento de aguas.\" \/>\n<meta name=\"robots\" content=\"index, follow, max-snippet:-1, max-image-preview:large, max-video-preview:-1\" \/>\n<link rel=\"canonical\" href=\"https:\/\/www.aquafrisch.com\/aviso-legal\/\" \/>\n<meta property=\"og:locale\" content=\"en_US\" \/>\n<meta property=\"og:type\" content=\"article\" \/>\n<meta property=\"og:title\" content=\"Aviso Legal - Aquafrisch\" \/>\n<meta property=\"og:description\" content=\"Aquafrisch dise\u00f1a, fabrica e instala equipos para talleres ferroviarios y plantas de tratamiento de aguas.\" \/>\n<meta property=\"og:url\" content=\"https:\/\/www.aquafrisch.com\/aviso-legal\/\" \/>\n<meta property=\"og:site_name\" content=\"Aquafrisch\" \/>\n<meta property=\"article:publisher\" content=\"https:\/\/www.facebook.com\/aquafrisch\" \/>\n<meta property=\"og:image\" content=\"https:\/\/www.aquafrisch.com\/wp-content\/uploads\/2022\/10\/Nave-nueva-Foto-noticia-1.jpeg\" \/>\n\t<meta property=\"og:image:width\" content=\"1200\" \/>\n\t<meta property=\"og:image:height\" content=\"675\" \/>\n\t<meta property=\"og:image:type\" content=\"image\/jpeg\" \/>\n<meta name=\"twitter:card\" content=\"summary_large_image\" \/>\n<meta name=\"twitter:label1\" content=\"Est. reading time\" \/>\n\t<meta name=\"twitter:data1\" content=\"1 minute\" \/>\n<script type=\"application\/ld+json\" class=\"yoast-schema-graph\">{\"@context\":\"https:\\\/\\\/schema.org\",\"@graph\":[{\"@type\":\"WebPage\",\"@id\":\"https:\\\/\\\/www.aquafrisch.com\\\/aviso-legal\\\/\",\"url\":\"https:\\\/\\\/www.aquafrisch.com\\\/aviso-legal\\\/\",\"name\":\"Aviso Legal - Aquafrisch\",\"isPartOf\":{\"@id\":\"https:\\\/\\\/www.aquafrisch.com\\\/#website\"},\"datePublished\":\"2022-11-17T08:23:20+00:00\",\"description\":\"Aquafrisch dise\u00f1a, fabrica e instala equipos para talleres ferroviarios y plantas de tratamiento de aguas.\",\"breadcrumb\":{\"@id\":\"https:\\\/\\\/www.aquafrisch.com\\\/aviso-legal\\\/#breadcrumb\"},\"inLanguage\":\"en-US\",\"potentialAction\":[{\"@type\":\"ReadAction\",\"target\":[\"https:\\\/\\\/www.aquafrisch.com\\\/aviso-legal\\\/\"]}]},{\"@type\":\"BreadcrumbList\",\"@id\":\"https:\\\/\\\/www.aquafrisch.com\\\/aviso-legal\\\/#breadcrumb\",\"itemListElement\":[{\"@type\":\"ListItem\",\"position\":1,\"name\":\"Portada\",\"item\":\"https:\\\/\\\/www.aquafrisch.com\\\/en\\\/home\\\/\"},{\"@type\":\"ListItem\",\"position\":2,\"name\":\"Aviso Legal\"}]},{\"@type\":\"WebSite\",\"@id\":\"https:\\\/\\\/www.aquafrisch.com\\\/#website\",\"url\":\"https:\\\/\\\/www.aquafrisch.com\\\/\",\"name\":\"Aquafrisch\",\"description\":\"Equipamiento ferroviario &amp; Tratamiento de agua\",\"potentialAction\":[{\"@type\":\"SearchAction\",\"target\":{\"@type\":\"EntryPoint\",\"urlTemplate\":\"https:\\\/\\\/www.aquafrisch.com\\\/?s={search_term_string}\"},\"query-input\":{\"@type\":\"PropertyValueSpecification\",\"valueRequired\":true,\"valueName\":\"search_term_string\"}}],\"inLanguage\":\"en-US\"}]}<\/script>\n<!-- \/ Yoast SEO plugin. -->","yoast_head_json":{"title":"Aviso Legal - Aquafrisch","description":"Aquafrisch dise\u00f1a, fabrica e instala equipos para talleres ferroviarios y plantas de tratamiento de aguas.","robots":{"index":"index","follow":"follow","max-snippet":"max-snippet:-1","max-image-preview":"max-image-preview:large","max-video-preview":"max-video-preview:-1"},"canonical":"https:\/\/www.aquafrisch.com\/aviso-legal\/","og_locale":"en_US","og_type":"article","og_title":"Aviso Legal - Aquafrisch","og_description":"Aquafrisch dise\u00f1a, fabrica e instala equipos para talleres ferroviarios y plantas de tratamiento de aguas.","og_url":"https:\/\/www.aquafrisch.com\/aviso-legal\/","og_site_name":"Aquafrisch","article_publisher":"https:\/\/www.facebook.com\/aquafrisch","og_image":[{"width":1200,"height":675,"url":"https:\/\/www.aquafrisch.com\/wp-content\/uploads\/2022\/10\/Nave-nueva-Foto-noticia-1.jpeg","type":"image\/jpeg"}],"twitter_card":"summary_large_image","twitter_misc":{"Est. reading time":"1 minute"},"schema":{"@context":"https:\/\/schema.org","@graph":[{"@type":"WebPage","@id":"https:\/\/www.aquafrisch.com\/aviso-legal\/","url":"https:\/\/www.aquafrisch.com\/aviso-legal\/","name":"Aviso Legal - Aquafrisch","isPartOf":{"@id":"https:\/\/www.aquafrisch.com\/#website"},"datePublished":"2022-11-17T08:23:20+00:00","description":"Aquafrisch dise\u00f1a, fabrica e instala equipos para talleres ferroviarios y plantas de tratamiento de aguas.","breadcrumb":{"@id":"https:\/\/www.aquafrisch.com\/aviso-legal\/#breadcrumb"},"inLanguage":"en-US","potentialAction":[{"@type":"ReadAction","target":["https:\/\/www.aquafrisch.com\/aviso-legal\/"]}]},{"@type":"BreadcrumbList","@id":"https:\/\/www.aquafrisch.com\/aviso-legal\/#breadcrumb","itemListElement":[{"@type":"ListItem","position":1,"name":"Portada","item":"https:\/\/www.aquafrisch.com\/en\/home\/"},{"@type":"ListItem","position":2,"name":"Aviso Legal"}]},{"@type":"WebSite","@id":"https:\/\/www.aquafrisch.com\/#website","url":"https:\/\/www.aquafrisch.com\/","name":"Aquafrisch","description":"Equipamiento ferroviario &amp; Tratamiento de agua","potentialAction":[{"@type":"SearchAction","target":{"@type":"EntryPoint","urlTemplate":"https:\/\/www.aquafrisch.com\/?s={search_term_string}"},"query-input":{"@type":"PropertyValueSpecification","valueRequired":true,"valueName":"search_term_string"}}],"inLanguage":"en-US"}]}},"_links":{"self":[{"href":"https:\/\/www.aquafrisch.com\/en\/wp-json\/wp\/v2\/pages\/6207","targetHints":{"allow":["GET"]}}],"collection":[{"href":"https:\/\/www.aquafrisch.com\/en\/wp-json\/wp\/v2\/pages"}],"about":[{"href":"https:\/\/www.aquafrisch.com\/en\/wp-json\/wp\/v2\/types\/page"}],"author":[{"embeddable":true,"href":"https:\/\/www.aquafrisch.com\/en\/wp-json\/wp\/v2\/users\/1"}],"replies":[{"embeddable":true,"href":"https:\/\/www.aquafrisch.com\/en\/wp-json\/wp\/v2\/comments?post=6207"}],"version-history":[{"count":0,"href":"https:\/\/www.aquafrisch.com\/en\/wp-json\/wp\/v2\/pages\/6207\/revisions"}],"wp:attachment":[{"href":"https:\/\/www.aquafrisch.com\/en\/wp-json\/wp\/v2\/media?parent=6207"}],"curies":[{"name":"wp","href":"https:\/\/api.w.org\/{rel}","templated":true}]}}